{"id":149,"date":"2024-12-28T16:48:57","date_gmt":"2024-12-28T16:48:57","guid":{"rendered":"https:\/\/www.nonkonform.nu\/?page_id=149"},"modified":"2025-10-14T09:21:35","modified_gmt":"2025-10-14T09:21:35","slug":"149-2","status":"publish","type":"page","link":"https:\/\/www.nonkonform.nu\/?page_id=149","title":{"rendered":"msv: n\u00e4r kommer boken"},"content":{"rendered":"\n<figure class=\"wp-block-image alignfull wp-duotone-unset-1\"><img loading=\"lazy\" decoding=\"async\" width=\"1024\" height=\"1024\" src=\"https:\/\/www.nonkonform.nu\/wp-content\/uploads\/2024\/12\/Musiksomvapen-1-1024x1024.jpeg\" alt=\"\" class=\"wp-image-152\" srcset=\"https:\/\/www.nonkonform.nu\/wp-content\/uploads\/2024\/12\/Musiksomvapen-1-1024x1024.jpeg 1024w, https:\/\/www.nonkonform.nu\/wp-content\/uploads\/2024\/12\/Musiksomvapen-1-300x300.jpeg 300w, https:\/\/www.nonkonform.nu\/wp-content\/uploads\/2024\/12\/Musiksomvapen-1-150x150.jpeg 150w, https:\/\/www.nonkonform.nu\/wp-content\/uploads\/2024\/12\/Musiksomvapen-1-768x768.jpeg 768w, https:\/\/www.nonkonform.nu\/wp-content\/uploads\/2024\/12\/Musiksomvapen-1-1536x1536.jpeg 1536w, https:\/\/www.nonkonform.nu\/wp-content\/uploads\/2024\/12\/Musiksomvapen-1.jpeg 2048w\" sizes=\"auto, (max-width: 1024px) 100vw, 1024px\" \/><\/figure>\n\n\n\n<p class=\"has-large-font-size\"><em>Svensk skinheadrock 1980-1999:<\/em><\/p>\n\n\n\n<p class=\"has-text-color has-link-color wp-elements-0ee5e5450730f71f489c40258ddb3cdd\" style=\"color:#812525;font-size:clamp(2.587rem, 2.587rem + ((1vw - 0.2rem) * 3.855), 4.9rem);\"><mark style=\"background-color:rgba(0, 0, 0, 0)\" class=\"has-inline-color has-contrast-color\"><strong>N\u00e4r kommer boken?&nbsp;<\/strong><\/mark><\/p>\n\n\n\n<p class=\"has-contrast-color has-text-color has-link-color has-large-font-size wp-elements-33fd9209d8e4fb40222c7caf91b5b667\">Det h\u00f6r nog till en av de vanligare fr\u00e5gorna vi har f\u00e5tt de senaste tv\u00e5 \u00e5ren. Kryddat med en del kraftord s\u00e5klart.&nbsp;<br><\/p>\n\n\n\n<p class=\"has-large-font-size\">Fr\u00e5gan \u00e4r s\u00e5klart ber\u00e4ttigad \u2013 trots att vi aldrig hintat om n\u00e5got releasedatum, och det faktum att bokskrivande generellt tar en hel del tid i anspr\u00e5k. Magnituden av arbete f\u00f6r att skriva och f\u00e4rdigst\u00e4lla en s\u00e5n h\u00e4r bok \u00e4r f\u00f6rst\u00e5s enormt. Det r\u00f6r sig om hundratals timmar intervjuer som ska transkriberas, texter som ska skrivas, bilder och gamla artiklar som ska gr\u00e4vas fram, f\u00f6rlorade demoinspelningar som ska hittas och digitaliseras &#8211; och n\u00e4r allt \u00e4r sagt och gjort ska allt s\u00e5klart bli en bok du faktiskt kan h\u00e5lla i h\u00e4nderna.\u00a0<br><\/p>\n\n\n\n<p class=\"has-large-font-size\">Ett angen\u00e4mt, men massivt arbete.<\/p>\n\n\n\n<figure class=\"wp-block-image size-large\"><img loading=\"lazy\" decoding=\"async\" width=\"1024\" height=\"530\" src=\"https:\/\/www.nonkonform.nu\/wp-content\/uploads\/2024\/12\/Musiksomvapen2-1024x530.jpeg\" alt=\"\" class=\"wp-image-167\" srcset=\"https:\/\/www.nonkonform.nu\/wp-content\/uploads\/2024\/12\/Musiksomvapen2-1024x530.jpeg 1024w, https:\/\/www.nonkonform.nu\/wp-content\/uploads\/2024\/12\/Musiksomvapen2-300x155.jpeg 300w, https:\/\/www.nonkonform.nu\/wp-content\/uploads\/2024\/12\/Musiksomvapen2-768x397.jpeg 768w, https:\/\/www.nonkonform.nu\/wp-content\/uploads\/2024\/12\/Musiksomvapen2-1536x794.jpeg 1536w, https:\/\/www.nonkonform.nu\/wp-content\/uploads\/2024\/12\/Musiksomvapen2.jpeg 2048w\" sizes=\"auto, (max-width: 1024px) 100vw, 1024px\" \/><\/figure>\n\n\n\n<p class=\"has-large-font-size\"><br>Under de senaste tv\u00e5 \u00e5ren har Nonkonform Media samtidigt vidgat sitt verksamhetsomr\u00e5de och g\u00e5tt fr\u00e5n \u201csubkulturell arkivarie\u201d till fullfj\u00e4drat skivbolag med hittills tv\u00e5 stabila sl\u00e4pp i ryggen &#8211; och siktet \u00e4r inst\u00e4llt p\u00e5 \u00e4nnu fler sl\u00e4pp 2025. Man kanske hade kunnat tro att arbetet med boken avstannat och lagts i tr\u00e4da.\u00a0<\/p>\n\n\n\n<p class=\"has-large-font-size\">Det st\u00e4mmer inte.<\/p>\n\n\n\n<p class=\"has-large-font-size\"><br>V\u00e5ra f\u00f6rsta anstr\u00e4ngningar att marknadsf\u00f6ra bokprojektet genom sociala medier slog ut ungef\u00e4r som man kunde f\u00f6rest\u00e4lla sig. Inl\u00e4ggen plockades rutinm\u00e4ssigt bort, vi hotades med avst\u00e4ngningar och alla algoritmer justerade bort oss ur fl\u00f6det. Att ha en egen plattform k\u00e4ndes n\u00f6dv\u00e4ndigt f\u00f6r den fortsatta verksamheten &#8211; nonkonform.nu.<\/p>\n\n\n\n<p class=\"has-large-font-size\"><br>Med en egen plattform i ryggen och ett breddat verksamhetsfokus har vi st\u00f6tt och bl\u00f6tt bokprojektets utformning &#8211; hur g\u00e5r vi vidare? Hur k\u00f6r vi projektet i m\u00e5l?<\/p>\n\n\n\n<div style=\"height:100px\" aria-hidden=\"true\" class=\"wp-block-spacer\"><\/div>\n\n\n\n<figure class=\"wp-block-image size-large\"><img loading=\"lazy\" decoding=\"async\" width=\"1024\" height=\"530\" src=\"https:\/\/www.nonkonform.nu\/wp-content\/uploads\/2024\/12\/Bild2-1024x530.jpeg\" alt=\"\" class=\"wp-image-164\" srcset=\"https:\/\/www.nonkonform.nu\/wp-content\/uploads\/2024\/12\/Bild2-1024x530.jpeg 1024w, https:\/\/www.nonkonform.nu\/wp-content\/uploads\/2024\/12\/Bild2-300x155.jpeg 300w, https:\/\/www.nonkonform.nu\/wp-content\/uploads\/2024\/12\/Bild2-768x397.jpeg 768w, https:\/\/www.nonkonform.nu\/wp-content\/uploads\/2024\/12\/Bild2-1536x794.jpeg 1536w, https:\/\/www.nonkonform.nu\/wp-content\/uploads\/2024\/12\/Bild2.jpeg 2048w\" sizes=\"auto, (max-width: 1024px) 100vw, 1024px\" \/><\/figure>\n\n\n\n<p class=\"has-contrast-color has-text-color has-link-color wp-elements-2befb642f0c6db25d7eaabed9aed4d09\" style=\"font-size:clamp(2.587rem, 2.587rem + ((1vw - 0.2rem) * 3.855), 4.9rem);\"><strong>Digital release<\/strong><\/p>\n\n\n\n<p class=\"has-large-font-size\">F\u00f6r att inte ge oss sj\u00e4lva o\u00e4ndligt mycket tid att arbeta med boken har vi beslutat att vi kommer att omst\u00f6pa projektet och ge flera av v\u00e5ra texter en digital release. M\u00e5ls\u00e4ttningen \u00e4r att regelbundet sl\u00e4ppa kapitel ur boken p\u00e5 nonkonform.nu. Vi vill kunna h\u00e5lla projektet levande genom hela publiceringen &#8211; och ge oss sj\u00e4lva m\u00f6jligheten att forts\u00e4tta arbetet p\u00e5 en del av historiens \u201dsv\u00e5ra\u201d kapitel, medan ni kan b\u00f6rja l\u00e4sa!<\/p>\n\n\n\n<p class=\"has-large-font-size\"><br>Man kommer kunna betala f\u00f6r enstaka kapitel, eller avl\u00e4gga en \u201cprenumerationsavgift\u201d som ger full tillg\u00e5ng till allt material vi sl\u00e4pper. Men vi avser ocks\u00e5 sl\u00e4ppa en del material kostnadsfritt. Detaljer om betall\u00f6sningen \u00e5terkommer vi om.<\/p>\n\n\n\n<div style=\"height:100px\" aria-hidden=\"true\" class=\"wp-block-spacer\"><\/div>\n\n\n\n<p class=\"has-contrast-color has-text-color has-link-color wp-elements-52bb4b77cd62a0c9573ecab9555a8822\" style=\"font-size:clamp(2.587rem, 2.587rem + ((1vw - 0.2rem) * 3.855), 4.9rem);\"><strong>Okej, men n\u00e4r kommer boken d\u00e5?&nbsp;<\/strong><\/p>\n\n\n\n<p class=\"has-large-font-size\">Jad\u00e5. Det kommer fortfarande en fysisk bok. Men nu kan vi forts\u00e4tta jobba med de delar av boken vi vill ge lite extra k\u00e4rlek. Samtidigt f\u00e5r vi in lite kapital som kan finansiera formgivning och tryckning n\u00e4r det blir dags &#8211; plus att Du faktiskt f\u00e5r b\u00f6rja l\u00e4sa boken 2025.<\/p>\n\n\n\n<p class=\"has-large-font-size\"><br>Och ja, vi kommer ju s\u00e5klart spara en del guldklimpar till den fysiska boken.<\/p>\n\n\n\n<figure class=\"wp-block-image size-large\"><img loading=\"lazy\" decoding=\"async\" width=\"1024\" height=\"530\" src=\"https:\/\/www.nonkonform.nu\/wp-content\/uploads\/2024\/12\/Skrewdriver-1024x530.jpeg\" alt=\"\" class=\"wp-image-165\" srcset=\"https:\/\/www.nonkonform.nu\/wp-content\/uploads\/2024\/12\/Skrewdriver-1024x530.jpeg 1024w, https:\/\/www.nonkonform.nu\/wp-content\/uploads\/2024\/12\/Skrewdriver-300x155.jpeg 300w, https:\/\/www.nonkonform.nu\/wp-content\/uploads\/2024\/12\/Skrewdriver-768x397.jpeg 768w, https:\/\/www.nonkonform.nu\/wp-content\/uploads\/2024\/12\/Skrewdriver-1536x794.jpeg 1536w, https:\/\/www.nonkonform.nu\/wp-content\/uploads\/2024\/12\/Skrewdriver.jpeg 2048w\" sizes=\"auto, (max-width: 1024px) 100vw, 1024px\" \/><\/figure>\n\n\n\n<div style=\"height:100px\" aria-hidden=\"true\" class=\"wp-block-spacer\"><\/div>\n","protected":false},"excerpt":{"rendered":"<p>Svensk skinheadrock 1980-1999: N\u00e4r kommer boken?&nbsp; Det h\u00f6r nog till en av de vanligare fr\u00e5gorna vi har f\u00e5tt de senaste tv\u00e5 \u00e5ren. Kryddat med en del kraftord s\u00e5klart.&nbsp; Fr\u00e5gan \u00e4r s\u00e5klart ber\u00e4ttigad \u2013 trots att vi aldrig hintat om n\u00e5got releasedatum, och det faktum att bokskrivande generellt tar en hel del tid i anspr\u00e5k. Magnituden [&hellip;]<\/p>\n","protected":false},"author":1,"featured_media":0,"parent":0,"menu_order":0,"comment_status":"closed","ping_status":"closed","template":"","meta":{"footnotes":""},"class_list":["post-149","page","type-page","status-publish","hentry"],"jetpack_sharing_enabled":true,"_links":{"self":[{"href":"https:\/\/www.nonkonform.nu\/index.php?rest_route=\/wp\/v2\/pages\/149","targetHints":{"allow":["GET"]}}],"collection":[{"href":"https:\/\/www.nonkonform.nu\/index.php?rest_route=\/wp\/v2\/pages"}],"about":[{"href":"https:\/\/www.nonkonform.nu\/index.php?rest_route=\/wp\/v2\/types\/page"}],"author":[{"embeddable":true,"href":"https:\/\/www.nonkonform.nu\/index.php?rest_route=\/wp\/v2\/users\/1"}],"replies":[{"embeddable":true,"href":"https:\/\/www.nonkonform.nu\/index.php?rest_route=%2Fwp%2Fv2%2Fcomments&post=149"}],"version-history":[{"count":11,"href":"https:\/\/www.nonkonform.nu\/index.php?rest_route=\/wp\/v2\/pages\/149\/revisions"}],"predecessor-version":[{"id":279,"href":"https:\/\/www.nonkonform.nu\/index.php?rest_route=\/wp\/v2\/pages\/149\/revisions\/279"}],"wp:attachment":[{"href":"https:\/\/www.nonkonform.nu\/index.php?rest_route=%2Fwp%2Fv2%2Fmedia&parent=149"}],"curies":[{"name":"wp","href":"https:\/\/api.w.org\/{rel}","templated":true}]}}