{"id":221,"date":"2025-01-31T14:14:11","date_gmt":"2025-01-31T14:14:11","guid":{"rendered":"https:\/\/www.nonkonform.nu\/?page_id=221"},"modified":"2025-10-14T09:21:56","modified_gmt":"2025-10-14T09:21:56","slug":"221-2","status":"publish","type":"page","link":"https:\/\/www.nonkonform.nu\/?page_id=221","title":{"rendered":"intervju: lavett"},"content":{"rendered":"\n<figure class=\"wp-block-image alignfull size-large\"><img loading=\"lazy\" decoding=\"async\" width=\"1024\" height=\"768\" src=\"https:\/\/www.nonkonform.nu\/wp-content\/uploads\/2025\/01\/LavettCAS-1024x768.jpg\" alt=\"\" class=\"wp-image-210\" srcset=\"https:\/\/www.nonkonform.nu\/wp-content\/uploads\/2025\/01\/LavettCAS-1024x768.jpg 1024w, https:\/\/www.nonkonform.nu\/wp-content\/uploads\/2025\/01\/LavettCAS-300x225.jpg 300w, https:\/\/www.nonkonform.nu\/wp-content\/uploads\/2025\/01\/LavettCAS-768x576.jpg 768w, https:\/\/www.nonkonform.nu\/wp-content\/uploads\/2025\/01\/LavettCAS-1536x1152.jpg 1536w, https:\/\/www.nonkonform.nu\/wp-content\/uploads\/2025\/01\/LavettCAS.jpg 1890w\" sizes=\"auto, (max-width: 1024px) 100vw, 1024px\" \/><\/figure>\n\n\n\n<div class=\"wp-block-group alignfull has-base-color has-contrast-background-color has-text-color has-background has-link-color wp-elements-d2ad2a33334eaf2c8c579fd4d1be1ab7 has-global-padding is-layout-constrained wp-container-core-group-is-layout-d89aad35 wp-block-group-is-layout-constrained\" style=\"margin-top:0;margin-bottom:0;padding-top:var(--wp--preset--spacing--50);padding-right:var(--wp--preset--spacing--50);padding-bottom:var(--wp--preset--spacing--50);padding-left:var(--wp--preset--spacing--50)\">\n<p class=\"has-text-align-center has-large-font-size\">Nonkonform Media m\u00f6ter skivaktuella<\/p>\n\n\n\n<h2 class=\"wp-block-heading alignwide has-text-align-center has-base-color has-text-color has-link-color wp-elements-49c02290027f5d9992cfb8bb6eb343e5\" style=\"font-size:clamp(4.509rem, 4.509rem + ((1vw - 0.2rem) * 9.152), 10rem);letter-spacing:-0.02em\">LAVETT<\/h2>\n\n\n\n<p class=\"has-text-align-center has-large-font-size\">&#8221;Aggressiv skinheadrock p\u00e5 svenska!&#8221;<\/p>\n\n\n\n<div class=\"wp-block-group alignwide is-layout-flow wp-block-group-is-layout-flow\">\n<hr class=\"wp-block-separator has-text-color has-base-color has-alpha-channel-opacity has-base-background-color has-background is-style-wide\" style=\"margin-top:var(--wp--preset--spacing--30);margin-bottom:var(--wp--preset--spacing--30)\"\/>\n\n\n\n<h2 class=\"wp-block-heading alignwide is-style-default has-base-2-color has-text-color has-link-color has-large-font-size wp-elements-f99095f568b01fe0a4986a3eae6343d9\" style=\"border-style:none;border-width:0px;border-radius:0px\"><strong>B\u00f6rja lite med att ber\u00e4tta vad ni \u00e4r f\u00f6r sorts band &#8211; n\u00e4r b\u00f6rjade ni lira, och har ni lirat i n\u00e5gra band innan?<\/strong><\/h2>\n\n\n\n<p class=\"has-contrast-1-color has-text-color has-link-color has-medium-font-size wp-elements-ef25659481fc37e4cda77e4963056dc5\">Lavett&nbsp;\u00e4r skinheadrock p\u00e5 svenska. Det \u00e4r exakt vad det l\u00e5ter som, ett band av skinheads f\u00f6r skinheads.&nbsp;Bandet best\u00e5r av Olov (gitarr), Johan (trummor), Anders (bas) och Tobbe (s\u00e5ng). Olov och Johan spelar \u00e4ven i <strong>Close Air Support<\/strong>, Anders har tidigare spelat i bandet <strong>Filthy Bastards<\/strong> och Tobbe spelade i <strong>Posso Kongro<\/strong>.<\/p>\n\n\n\n<p class=\"has-contrast-1-color has-text-color has-link-color has-medium-font-size wp-elements-4b0b81c0b7a2807caf0c6c6afae018b3\">Lavett&nbsp;bildades 2019 d\u00e5 en gemensam v\u00e4n drog ihop oss med avsikt att \u00e4ven sj\u00e4lv vara med i bandet. Det resulterade dock i en kvartett och har s\u00e5 varit sedan dess.<\/p>\n\n\n\n<figure class=\"wp-block-image aligncenter size-full is-resized\"><img loading=\"lazy\" decoding=\"async\" width=\"444\" height=\"444\" src=\"https:\/\/www.nonkonform.nu\/wp-content\/uploads\/2025\/01\/422036030_753335440107327_5525140104100144881_n.jpg\" alt=\"\" class=\"wp-image-224\" style=\"width:497px;height:auto\" srcset=\"https:\/\/www.nonkonform.nu\/wp-content\/uploads\/2025\/01\/422036030_753335440107327_5525140104100144881_n.jpg 444w, https:\/\/www.nonkonform.nu\/wp-content\/uploads\/2025\/01\/422036030_753335440107327_5525140104100144881_n-300x300.jpg 300w, https:\/\/www.nonkonform.nu\/wp-content\/uploads\/2025\/01\/422036030_753335440107327_5525140104100144881_n-150x150.jpg 150w\" sizes=\"auto, (max-width: 444px) 100vw, 444px\" \/><\/figure>\n\n\n\n<hr class=\"wp-block-separator has-text-color has-base-color has-alpha-channel-opacity has-base-background-color has-background is-style-wide\" style=\"margin-top:var(--wp--preset--spacing--30);margin-bottom:var(--wp--preset--spacing--30)\"\/>\n\n\n\n<h3 class=\"wp-block-heading alignwide has-base-2-color has-text-color has-link-color has-large-font-size wp-elements-d9afaaf474f0de4a5b1df11f970a39f7\"><strong>F\u00f6r de som av n\u00e5gon outgrundlig anledning aldrig h\u00f6rt&nbsp;Lavett, hur skulle ni beskriva ert sound? Finns det n\u00e5gra s\u00e4rskilda band som ligger er varmt om hj\u00e4rtat och har inspirerat er?<\/strong><\/h3>\n\n\n\n<p class=\"has-contrast-1-color has-text-color has-link-color has-medium-font-size wp-elements-2dcbc022fa80b42c2e4b85e5da91b0c1\">V\u00e5rt sound skulle man enkelt kunna beskriva som v\u00e4ldigt rakt och aggressivt. Bland inspirat\u00f6rerna kan man nog sk\u00f6nja klassiska engelska band som <strong>Combat 84<\/strong> och <strong>4-Skins<\/strong> med en touch av <strong>Agent Bulldogg<\/strong>. Det \u00e4r \u00e5tminstone n\u00e5got vi f\u00e5tt g\u00f6ra m\u00e5nga g\u00e5nger. Musiken g\u00f6r vi allt som oftast tillsammans, texterna skriver Tobbe och Olov spelar in, mixar och mastrar.<\/p>\n\n\n\n<hr class=\"wp-block-separator has-text-color has-base-color has-alpha-channel-opacity has-base-background-color has-background is-style-wide\" style=\"margin-top:var(--wp--preset--spacing--30);margin-bottom:var(--wp--preset--spacing--30)\"\/>\n\n\n\n<h3 class=\"wp-block-heading alignwide has-base-2-color has-text-color has-link-color has-large-font-size wp-elements-9bacbc91cf021ab1c4640e44bf52c9dc\"><strong>Ni har tv\u00e5 EP:s i ryggen, och nu \u00e4r ni skivaktuella med en split EP tillsammans med Close Air Support. B\u00e5da tidigare sl\u00e4pp har tagits emot v\u00e4ldigt v\u00e4l, n\u00e4r kan man f\u00f6rv\u00e4nta sig debutfull\u00e4ngdaren fr\u00e5n&nbsp;Lavett?<\/strong><\/h3>\n\n\n\n<p class=\"has-contrast-1-color has-text-color has-link-color has-medium-font-size wp-elements-762ec5f91490e101e1d48b93d3ecda9a\">I nul\u00e4get ligger en full\u00e4ngdare en bit fram\u00e5t i tiden. Material finns det gott om, b\u00e5de ej \u00e4nnu inspelade l\u00e5tar som vi spelar live och en del mer eller mindre f\u00e4rdiga samt en sjuhelvetes massa texter och musik som \u00e4nnu \u00e4r i uppbyggnadsfasen.<\/p>\n\n\n\n<hr class=\"wp-block-separator has-text-color has-base-color has-alpha-channel-opacity has-base-background-color has-background is-style-wide\" style=\"margin-top:var(--wp--preset--spacing--30);margin-bottom:var(--wp--preset--spacing--30)\"\/>\n\n\n\n<h3 class=\"wp-block-heading alignwide has-base-2-color has-text-color has-link-color has-large-font-size wp-elements-b08fc4dbedbfd9d3bf42f4df7e8752aa\"><strong>F\u00f6rutom en herrans massa gig i Sverige har ni hunnit med att kuska runt i Europa och lirat i Schweiz, Spanien, Italien och Tyskland bland annat. Hur \u00e4r det att lira utanf\u00f6r rikets gr\u00e4nser? Kan ni bjuda p\u00e5 n\u00e5gon kul anekdot?&nbsp;<\/strong><\/h3>\n\n\n\n<p class=\"has-contrast-1-color has-text-color has-link-color has-medium-font-size wp-elements-55c9bd5a6df1e4f7847e39ef83b29d28\">Det \u00e4r alltid roligt att spela utomlands och vi \u00e4r oerh\u00f6rt glada \u00f6ver att vi f\u00e5tt m\u00f6jligheten att g\u00f6ra det trots att v\u00e5ra l\u00e5tar enbart \u00e4r p\u00e5 svenska. Extra kul \u00e4r det f\u00f6rst\u00e5s att spela med band vi sj\u00e4lva lyssnat mycket p\u00e5 som exempelvis Indecent Exposure.<\/p>\n\n\n\n<p class=\"has-contrast-1-color has-text-color has-link-color has-medium-font-size wp-elements-264ad789bdde419ff8851b7ede3e60a8\">En rolig anekdot \u00e4r n\u00e4r vi spelade i Barcelona och arrang\u00f6ren (tillika v\u00e5r guide) tog med oss till diverse st\u00e4llen runt om i staden. I Barcelona tar det, enligt hans utsago, 10 minuter att promenera fr\u00e5n punkt A till punkt B oavsett var man ska om det s\u00e5 \u00e4r p\u00e5 andra sidan staden. Ut\u00f6ver en v\u00e4ldigt trevlig helg med bra band och ett fantastiskt bra v\u00e4rdskap fr\u00e5n arrang\u00f6ren fick vi med andra ord \u00e4ven gott om motion.<\/p>\n\n\n\n<div style=\"margin-top:var(--wp--preset--spacing--10);margin-bottom:0;height:var(--wp--preset--spacing--10)\" aria-hidden=\"true\" class=\"wp-block-spacer\"><\/div>\n<\/div>\n\n\n\n<figure class=\"wp-block-image size-large\"><img loading=\"lazy\" decoding=\"async\" width=\"768\" height=\"1024\" src=\"https:\/\/www.nonkonform.nu\/wp-content\/uploads\/2025\/01\/471461266_947710837336452_4963750943682211808_n-768x1024.jpg\" alt=\"\" class=\"wp-image-225\" srcset=\"https:\/\/www.nonkonform.nu\/wp-content\/uploads\/2025\/01\/471461266_947710837336452_4963750943682211808_n-768x1024.jpg 768w, https:\/\/www.nonkonform.nu\/wp-content\/uploads\/2025\/01\/471461266_947710837336452_4963750943682211808_n-225x300.jpg 225w, https:\/\/www.nonkonform.nu\/wp-content\/uploads\/2025\/01\/471461266_947710837336452_4963750943682211808_n-1152x1536.jpg 1152w, https:\/\/www.nonkonform.nu\/wp-content\/uploads\/2025\/01\/471461266_947710837336452_4963750943682211808_n.jpg 1536w\" sizes=\"auto, (max-width: 768px) 100vw, 768px\" \/><\/figure>\n<\/div>\n\n\n\n<div class=\"wp-block-group alignfull has-base-color has-contrast-background-color has-text-color has-background has-link-color wp-elements-9f8468482703f8685e1c5f22eeeffee0 has-global-padding is-layout-constrained wp-container-core-group-is-layout-d89aad35 wp-block-group-is-layout-constrained\" style=\"margin-top:0;margin-bottom:0;padding-top:var(--wp--preset--spacing--50);padding-right:var(--wp--preset--spacing--50);padding-bottom:var(--wp--preset--spacing--50);padding-left:var(--wp--preset--spacing--50)\">\n<h2 class=\"wp-block-heading alignwide is-style-default has-base-2-color has-text-color has-link-color has-large-font-size wp-elements-2a099cef1a062f337542e132ed8ac6c2\" style=\"border-style:none;border-width:0px;border-radius:0px\"><strong>Hur tycker ni den svenska punk- och oi!-scenen m\u00e5r idag? Finns det n\u00e5gon framtid f\u00f6r musikbaserad subkultur?<\/strong><\/h2>\n\n\n\n<div class=\"wp-block-group alignwide is-layout-flow wp-block-group-is-layout-flow\">\n<p class=\"has-contrast-1-color has-text-color has-link-color has-medium-font-size wp-elements-112b2cf1b71dfed504f641bf7ec4e6a4\">Den svenska oi!-scenen best\u00e5r idag av ett f\u00e5tal mer eller mindre aktiva band. Det \u00e4r ytterst s\u00e4llan man ser yngre skinheads och punkare i publiken d\u00e5 majoriteten mestadels \u00e4r folk i v\u00e5r egen \u00e5lder och upp\u00e5t. Det finns alltid en framtid s\u00e5 l\u00e4nge man inte ger upp utan k\u00e4mpar f\u00f6r den.<\/p>\n\n\n\n<p class=\"has-medium-font-size\">Hur den framtiden ser ut \u00e4r sv\u00e5rt att sia om d\u00e5 f\u00e4rre yngre m\u00e4nniskor \u00e4n f\u00f6rr \u00e4r aktiva i scenen. Tack vare ett g\u00e4ng eldsj\u00e4lar som g\u00f6r en enorm insats (Pike och Kimmen m fl) h\u00e5lls hjulet dock snurrande. All cred till dom!<\/p>\n\n\n\n<p class=\"has-contrast-1-color has-text-color has-link-color has-medium-font-size wp-elements-081581d620a58ff1861884a04e1bdf85\">F\u00f6rhoppningsvis hittar ungdomen en dag tillbaka till det subkulturella men d\u00e5 vill det \u00e4ven till att det forts\u00e4tter arras gig exempelvis!<\/p>\n\n\n\n<figure class=\"wp-block-image aligncenter size-full\"><img loading=\"lazy\" decoding=\"async\" width=\"568\" height=\"359\" src=\"https:\/\/www.nonkonform.nu\/wp-content\/uploads\/2025\/01\/424602698_753334206774117_3682951977553789598_n.jpg\" alt=\"\" class=\"wp-image-226\" srcset=\"https:\/\/www.nonkonform.nu\/wp-content\/uploads\/2025\/01\/424602698_753334206774117_3682951977553789598_n.jpg 568w, https:\/\/www.nonkonform.nu\/wp-content\/uploads\/2025\/01\/424602698_753334206774117_3682951977553789598_n-300x190.jpg 300w\" sizes=\"auto, (max-width: 568px) 100vw, 568px\" \/><\/figure>\n\n\n\n<hr class=\"wp-block-separator has-text-color has-base-color has-alpha-channel-opacity has-base-background-color has-background is-style-wide\" style=\"margin-top:var(--wp--preset--spacing--30);margin-bottom:var(--wp--preset--spacing--30)\"\/>\n\n\n\n<h3 class=\"wp-block-heading alignwide has-base-2-color has-text-color has-link-color has-large-font-size wp-elements-12908a9d549a488498995def7fa32a13\"><strong>Hur ser framtiden ut f\u00f6r&nbsp;Lavett? Vad kan vi f\u00f6rv\u00e4nta oss fram\u00f6ver?<\/strong><\/h3>\n\n\n\n<p class=\"has-contrast-1-color has-text-color has-link-color has-medium-font-size wp-elements-903d950c4ca1731f2273b351c75c3f4a\">Framtiden f\u00f6r&nbsp;Lavett&nbsp;\u00e4r att repa in och spela in nytt material, samt g\u00f6ra en och annan spelning. Vi \u00e4r alltid intresserade av att lira live s\u00e5 tveka inte att h\u00f6ra av er!<\/p>\n\n\n\n<hr class=\"wp-block-separator has-text-color has-base-color has-alpha-channel-opacity has-base-background-color has-background is-style-wide\" style=\"margin-top:var(--wp--preset--spacing--30);margin-bottom:var(--wp--preset--spacing--30)\"\/>\n\n\n\n<h3 class=\"wp-block-heading alignwide has-base-2-color has-text-color has-link-color has-large-font-size wp-elements-18be97952226bee440f2732103f0fc5b\"><strong>Vi tackar Tobbe och grabbarna f\u00f6r pratstunden. Lavett \u00e4r skivaktuella tillsammans med Close Air Support p\u00e5 Nonkonform Media &#8211; i mars sl\u00e4pper vi en 10&#8243; split-EP d\u00e4r banden drabbar samman med tv\u00e5 pangsp\u00e5r var.<\/strong><\/h3>\n\n\n\n<p class=\"has-medium-font-size\"><strong><em>Lavett n\u00e5r du genom deras <a href=\"https:\/\/www.facebook.com\/Lavettoi\">Facebooksida<\/a>, eller via <a href=\"https:\/\/www.instagram.com\/lavettoi\/\">Instagram<\/a>!<\/em><\/strong><\/p>\n\n\n\n<p><\/p>\n<\/div>\n\n\n\n<figure class=\"wp-block-image size-large\"><img loading=\"lazy\" decoding=\"async\" width=\"1024\" height=\"768\" src=\"https:\/\/www.nonkonform.nu\/wp-content\/uploads\/2025\/01\/LavettCAS22-1024x768.jpg\" alt=\"\" class=\"wp-image-223\" srcset=\"https:\/\/www.nonkonform.nu\/wp-content\/uploads\/2025\/01\/LavettCAS22-1024x768.jpg 1024w, https:\/\/www.nonkonform.nu\/wp-content\/uploads\/2025\/01\/LavettCAS22-300x225.jpg 300w, https:\/\/www.nonkonform.nu\/wp-content\/uploads\/2025\/01\/LavettCAS22-768x576.jpg 768w, https:\/\/www.nonkonform.nu\/wp-content\/uploads\/2025\/01\/LavettCAS22-1536x1152.jpg 1536w, https:\/\/www.nonkonform.nu\/wp-content\/uploads\/2025\/01\/LavettCAS22.jpg 1890w\" sizes=\"auto, (max-width: 1024px) 100vw, 1024px\" \/><\/figure>\n<\/div>\n\n\n\n<p><\/p>\n\n\n\n<p><\/p>\n","protected":false},"excerpt":{"rendered":"<p>Nonkonform Media m\u00f6ter skivaktuella LAVETT &#8221;Aggressiv skinheadrock p\u00e5 svenska!&#8221; B\u00f6rja lite med att ber\u00e4tta vad ni \u00e4r f\u00f6r sorts band &#8211; n\u00e4r b\u00f6rjade ni lira, och har ni lirat i n\u00e5gra band innan? Lavett&nbsp;\u00e4r skinheadrock p\u00e5 svenska. Det \u00e4r exakt vad det l\u00e5ter som, ett band av skinheads f\u00f6r skinheads.&nbsp;Bandet best\u00e5r av Olov (gitarr), Johan [&hellip;]<\/p>\n","protected":false},"author":1,"featured_media":0,"parent":0,"menu_order":0,"comment_status":"closed","ping_status":"closed","template":"","meta":{"footnotes":""},"class_list":["post-221","page","type-page","status-publish","hentry"],"jetpack_sharing_enabled":true,"_links":{"self":[{"href":"https:\/\/www.nonkonform.nu\/index.php?rest_route=\/wp\/v2\/pages\/221","targetHints":{"allow":["GET"]}}],"collection":[{"href":"https:\/\/www.nonkonform.nu\/index.php?rest_route=\/wp\/v2\/pages"}],"about":[{"href":"https:\/\/www.nonkonform.nu\/index.php?rest_route=\/wp\/v2\/types\/page"}],"author":[{"embeddable":true,"href":"https:\/\/www.nonkonform.nu\/index.php?rest_route=\/wp\/v2\/users\/1"}],"replies":[{"embeddable":true,"href":"https:\/\/www.nonkonform.nu\/index.php?rest_route=%2Fwp%2Fv2%2Fcomments&post=221"}],"version-history":[{"count":6,"href":"https:\/\/www.nonkonform.nu\/index.php?rest_route=\/wp\/v2\/pages\/221\/revisions"}],"predecessor-version":[{"id":280,"href":"https:\/\/www.nonkonform.nu\/index.php?rest_route=\/wp\/v2\/pages\/221\/revisions\/280"}],"wp:attachment":[{"href":"https:\/\/www.nonkonform.nu\/index.php?rest_route=%2Fwp%2Fv2%2Fmedia&parent=221"}],"curies":[{"name":"wp","href":"https:\/\/api.w.org\/{rel}","templated":true}]}}