{"id":239,"date":"2025-02-10T13:38:09","date_gmt":"2025-02-10T13:38:09","guid":{"rendered":"https:\/\/www.nonkonform.nu\/?page_id=239"},"modified":"2025-10-14T09:22:14","modified_gmt":"2025-10-14T09:22:14","slug":"239-2","status":"publish","type":"page","link":"https:\/\/www.nonkonform.nu\/?page_id=239","title":{"rendered":"intervju: cas"},"content":{"rendered":"\n<figure class=\"wp-block-image alignfull size-large\"><img loading=\"lazy\" decoding=\"async\" width=\"1024\" height=\"768\" src=\"https:\/\/www.nonkonform.nu\/wp-content\/uploads\/2025\/01\/LavettCAS-1024x768.jpg\" alt=\"\" class=\"wp-image-210\" srcset=\"https:\/\/www.nonkonform.nu\/wp-content\/uploads\/2025\/01\/LavettCAS-1024x768.jpg 1024w, https:\/\/www.nonkonform.nu\/wp-content\/uploads\/2025\/01\/LavettCAS-300x225.jpg 300w, https:\/\/www.nonkonform.nu\/wp-content\/uploads\/2025\/01\/LavettCAS-768x576.jpg 768w, https:\/\/www.nonkonform.nu\/wp-content\/uploads\/2025\/01\/LavettCAS-1536x1152.jpg 1536w, https:\/\/www.nonkonform.nu\/wp-content\/uploads\/2025\/01\/LavettCAS.jpg 1890w\" sizes=\"auto, (max-width: 1024px) 100vw, 1024px\" \/><\/figure>\n\n\n\n<div class=\"wp-block-group alignfull has-base-color has-contrast-background-color has-text-color has-background has-link-color wp-elements-5c4de4abee58c892a04b80dbd1e6636b has-global-padding is-layout-constrained wp-container-core-group-is-layout-d89aad35 wp-block-group-is-layout-constrained\" style=\"margin-top:0;margin-bottom:0;padding-top:var(--wp--preset--spacing--50);padding-right:var(--wp--preset--spacing--50);padding-bottom:var(--wp--preset--spacing--50);padding-left:var(--wp--preset--spacing--50)\">\n<p class=\"has-text-align-center has-large-font-size\">Nonkonform Media m\u00f6ter skivaktuella<\/p>\n\n\n\n<h2 class=\"wp-block-heading alignwide has-text-align-center has-base-color has-text-color has-link-color wp-elements-43fa50ed575eddcb3a93d709726da7fb\" style=\"font-size:clamp(4.509rem, 4.509rem + ((1vw - 0.2rem) * 9.152), 10rem);letter-spacing:-0.02em\">CLOSE AIR SUPPORT<\/h2>\n\n\n\n<p class=\"has-text-align-center has-large-font-size\">&#8221;Ett band av den gamla skolan&#8221;<\/p>\n\n\n\n<div class=\"wp-block-group alignwide is-layout-flow wp-block-group-is-layout-flow\">\n<hr class=\"wp-block-separator has-text-color has-base-color has-alpha-channel-opacity has-base-background-color has-background is-style-wide\" style=\"margin-top:var(--wp--preset--spacing--30);margin-bottom:var(--wp--preset--spacing--30)\"\/>\n\n\n\n<h2 class=\"wp-block-heading alignwide is-style-default has-base-2-color has-text-color has-link-color has-large-font-size wp-elements-f99095f568b01fe0a4986a3eae6343d9\" style=\"border-style:none;border-width:0px;border-radius:0px\"><strong>B\u00f6rja lite med att ber\u00e4tta vad ni \u00e4r f\u00f6r sorts band &#8211; n\u00e4r b\u00f6rjade ni lira, och har ni lirat i n\u00e5gra band innan?<\/strong><\/h2>\n\n\n\n<p class=\"has-contrast-1-color has-text-color has-link-color has-medium-font-size wp-elements-3f63ef6d613d92cb8a0dec5ce2daaa58\">Close Air Support f\u00f6ddes 2015 ur en \u00e5terf\u00f6rening av <strong>Kd-Skins<\/strong> som spelade p\u00e5 tidigt 80-tal, men nu med n\u00e5gra nyf\u00f6rv\u00e4rv. Ett band med b\u00e5de erfarenhet i Sven p\u00e5 s\u00e5ng, Rogga P p\u00e5 gitarr och Hocky p\u00e5 bas &#8211;  och yngre f\u00f6rm\u00e5gor i Olov p\u00e5 gitarr och Johan p\u00e5 trummor. De senare spelar \u00e4ven i <strong>Lavett<\/strong>.<\/p>\n\n\n\n<figure class=\"wp-block-image aligncenter size-full is-resized\"><img loading=\"lazy\" decoding=\"async\" width=\"960\" height=\"768\" src=\"https:\/\/www.nonkonform.nu\/wp-content\/uploads\/2025\/02\/49343219_271499450212397_3670598545741709312_n.jpg\" alt=\"\" class=\"wp-image-242\" style=\"width:971px;height:auto\" srcset=\"https:\/\/www.nonkonform.nu\/wp-content\/uploads\/2025\/02\/49343219_271499450212397_3670598545741709312_n.jpg 960w, https:\/\/www.nonkonform.nu\/wp-content\/uploads\/2025\/02\/49343219_271499450212397_3670598545741709312_n-300x240.jpg 300w, https:\/\/www.nonkonform.nu\/wp-content\/uploads\/2025\/02\/49343219_271499450212397_3670598545741709312_n-768x614.jpg 768w\" sizes=\"auto, (max-width: 960px) 100vw, 960px\" \/><\/figure>\n\n\n\n<hr class=\"wp-block-separator has-text-color has-base-color has-alpha-channel-opacity has-base-background-color has-background is-style-wide\" style=\"margin-top:var(--wp--preset--spacing--30);margin-bottom:var(--wp--preset--spacing--30)\"\/>\n\n\n\n<h3 class=\"wp-block-heading alignwide has-base-2-color has-text-color has-link-color has-large-font-size wp-elements-afcbe23a79dd57087ab97bdaa2376f71\"><strong>F\u00f6r de som av n\u00e5gon outgrundlig anledning aldrig h\u00f6rt\u00a0CAS, hur skulle ni beskriva ert sound? Finns det n\u00e5gra s\u00e4rskilda band som ligger er varmt om hj\u00e4rtat och har inspirerat er?<\/strong><\/h3>\n\n\n\n<p class=\"has-contrast-1-color has-text-color has-link-color has-medium-font-size wp-elements-400956d7895c8b2427d804ad80f6f615\">Vi \u00e4r ett band med sound av gamla skolan med texter som beskriver saker vi ser i v\u00e5r vardag och om vad som h\u00e4nder och f\u00f6r\u00e4ndras i samh\u00e4llet. Samt att v\u00e5r gemensamma k\u00e4rlek till Oi!-scenen under m\u00e5nga \u00e5r har format oss. Inspirationen kommer fr\u00e5n b\u00e5de nya och gamla band, men fr\u00e4mst har banden fr\u00e5n 80-talet haft st\u00f6rst influens p\u00e5 oss \u2013 till exempel<strong> 4-Skins,\u00a0Combat 84 och The Business<\/strong>, f\u00f6r att n\u00e4mna n\u00e5gra.<\/p>\n\n\n\n<hr class=\"wp-block-separator has-text-color has-base-color has-alpha-channel-opacity has-base-background-color has-background is-style-wide\" style=\"margin-top:var(--wp--preset--spacing--30);margin-bottom:var(--wp--preset--spacing--30)\"\/>\n\n\n\n<h3 class=\"wp-block-heading alignwide has-base-2-color has-text-color has-link-color has-large-font-size wp-elements-25193a67728bd0615ee2b7cb45958b30\"><strong>Ni en handfull EP:s i ryggen, och nu \u00e4r ni skivaktuella med en split EP tillsammans med Lavett. Alla tidigare sl\u00e4pp har tagits emot v\u00e4ldigt v\u00e4l, n\u00e4r kan man f\u00f6rv\u00e4nta sig debutfull\u00e4ngdaren fr\u00e5n\u00a0CAS?<\/strong><\/h3>\n\n\n\n<p class=\"has-contrast-1-color has-text-color has-link-color has-medium-font-size wp-elements-5f25042c28bac756474ec2ca991df331\">F\u00f6r tillf\u00e4llet ligger ett LP-sl\u00e4pp v\u00e4ldigt l\u00e5ngt bort, men man ska aldrig s\u00e4ga aldrig om vad som h\u00e4nder i framtiden.<\/p>\n\n\n\n<h3 class=\"wp-block-heading alignwide has-base-2-color has-text-color has-link-color has-large-font-size wp-elements-9f492b4fe14a9899bdda16847ade5e67\"><strong><br>Ett g\u00e4ng gigs i Sverige och n\u00e5got utomlands. Hur \u00e4r det att lira utanf\u00f6r rikets gr\u00e4nser? Kan ni bjuda p\u00e5 n\u00e5gon kul ankedot?<\/strong><\/h3>\n\n\n\n<p class=\"has-contrast-1-color has-text-color has-link-color has-medium-font-size wp-elements-606a8ef137c1821102cb26842cda1120\">Varje spelning vi har gjort har varit topp! Men lyfter fram n\u00e5gra lite extra &#8211; p\u00e5 hemmaplan med bland annat <strong>Cockney Rejects<\/strong> och <strong>Exploited<\/strong>. Utomlands &#8211; Rock Na Bagnie i Polen med bland annat <strong>Outcasts<\/strong> och <strong>Anti-Nowhere League<\/strong> var ocks\u00e5 en minnesv\u00e4rd spelning. Grymt bra arrangerat.<\/p>\n\n\n\n<p class=\"has-contrast-1-color has-text-color has-link-color has-medium-font-size wp-elements-432c343416e7a45840fd2742f4fb5c74\">Finns inte s\u00e5 mycket smaskiga detaljer och storys nu n\u00e4r medel\u00e5ldern p\u00e5 Oi!-scenen, och huvuddelen av bandet \u00e4r tr\u00f6tta gubbar med en medel\u00e5lder p\u00e5 45-50 \u00e5r\u2026<\/p>\n\n\n\n<div style=\"margin-top:var(--wp--preset--spacing--10);margin-bottom:0;height:var(--wp--preset--spacing--10)\" aria-hidden=\"true\" class=\"wp-block-spacer\"><\/div>\n<\/div>\n\n\n\n<figure class=\"wp-block-image size-full\"><img loading=\"lazy\" decoding=\"async\" width=\"960\" height=\"606\" src=\"https:\/\/www.nonkonform.nu\/wp-content\/uploads\/2025\/02\/66118226_350873302275011_1351459159593189376_n.jpg\" alt=\"\" class=\"wp-image-243\" srcset=\"https:\/\/www.nonkonform.nu\/wp-content\/uploads\/2025\/02\/66118226_350873302275011_1351459159593189376_n.jpg 960w, https:\/\/www.nonkonform.nu\/wp-content\/uploads\/2025\/02\/66118226_350873302275011_1351459159593189376_n-300x189.jpg 300w, https:\/\/www.nonkonform.nu\/wp-content\/uploads\/2025\/02\/66118226_350873302275011_1351459159593189376_n-768x485.jpg 768w\" sizes=\"auto, (max-width: 960px) 100vw, 960px\" \/><\/figure>\n<\/div>\n\n\n\n<div class=\"wp-block-group alignfull has-base-color has-contrast-background-color has-text-color has-background has-link-color wp-elements-1a597bc8979991d798209498d6994e9b has-global-padding is-layout-constrained wp-container-core-group-is-layout-d89aad35 wp-block-group-is-layout-constrained\" style=\"margin-top:0;margin-bottom:0;padding-top:var(--wp--preset--spacing--50);padding-right:var(--wp--preset--spacing--50);padding-bottom:var(--wp--preset--spacing--50);padding-left:var(--wp--preset--spacing--50)\">\n<h2 class=\"wp-block-heading alignwide is-style-default has-base-2-color has-text-color has-link-color has-large-font-size wp-elements-2a099cef1a062f337542e132ed8ac6c2\" style=\"border-style:none;border-width:0px;border-radius:0px\"><strong>Hur tycker ni den svenska punk- och oi!-scenen m\u00e5r idag? Finns det n\u00e5gon framtid f\u00f6r musikbaserad subkultur?<\/strong><\/h2>\n\n\n\n<div class=\"wp-block-group alignwide is-layout-flow wp-block-group-is-layout-flow\">\n<p class=\"has-contrast-1-color has-text-color has-link-color has-medium-font-size wp-elements-7da58080733ff2dffa1068e9de551846\">Den svenska scenen \u00e4r trots sin blygsamma storlek ganska stabil, men tyv\u00e4rr verkar \u00e5terv\u00e4xten stannat av. Det beh\u00f6vs nytt blod i venerna!<\/p>\n\n\n\n<figure class=\"wp-block-image aligncenter size-full is-resized\"><img loading=\"lazy\" decoding=\"async\" width=\"659\" height=\"1187\" src=\"https:\/\/www.nonkonform.nu\/wp-content\/uploads\/2025\/02\/CASCAS.jpg\" alt=\"\" class=\"wp-image-245\" style=\"width:532px;height:auto\" srcset=\"https:\/\/www.nonkonform.nu\/wp-content\/uploads\/2025\/02\/CASCAS.jpg 659w, https:\/\/www.nonkonform.nu\/wp-content\/uploads\/2025\/02\/CASCAS-167x300.jpg 167w, https:\/\/www.nonkonform.nu\/wp-content\/uploads\/2025\/02\/CASCAS-569x1024.jpg 569w\" sizes=\"auto, (max-width: 659px) 100vw, 659px\" \/><\/figure>\n\n\n\n<hr class=\"wp-block-separator has-text-color has-base-color has-alpha-channel-opacity has-base-background-color has-background is-style-wide\" style=\"margin-top:var(--wp--preset--spacing--30);margin-bottom:var(--wp--preset--spacing--30)\"\/>\n\n\n\n<h3 class=\"wp-block-heading alignwide has-base-2-color has-text-color has-link-color has-large-font-size wp-elements-243a7803a10c7a9c569ed29e161b557a\"><strong>Hur ser framtiden ut f\u00f6r\u00a0Close Air Support? Vad kan vi f\u00f6rv\u00e4nta oss fram\u00f6ver?<\/strong><\/h3>\n\n\n\n<p class=\"has-contrast-1-color has-text-color has-link-color has-medium-font-size wp-elements-69662cd58c597a636d013a52881b28ba\">Den som lever den f\u00e5r se\u2026. Eller som Rogga s\u00e4ger &#8211; ur askan\u2026.\u00a0<\/p>\n\n\n\n<hr class=\"wp-block-separator has-text-color has-base-color has-alpha-channel-opacity has-base-background-color has-background is-style-wide\" style=\"margin-top:var(--wp--preset--spacing--30);margin-bottom:var(--wp--preset--spacing--30)\"\/>\n\n\n\n<h3 class=\"wp-block-heading alignwide has-base-2-color has-text-color has-link-color has-large-font-size wp-elements-f2cda9c05db11f1b7e99701dcc05c7bf\"><strong>Vi tackar Hocky och grabbarna f\u00f6r pratstunden. Close Air Support \u00e4r skivaktuella tillsammans med Lavett p\u00e5 Nonkonform Media &#8211; i mars sl\u00e4pper vi en 10&#8243; split-EP d\u00e4r banden drabbar samman med tv\u00e5 pangsp\u00e5r var.<\/strong><\/h3>\n\n\n\n<p class=\"has-medium-font-size\"><strong><em>Lavett n\u00e5r du genom deras <a href=\"https:\/\/www.facebook.com\/closeairsupport\">Facebooksida<\/a>, eller via <a href=\"https:\/\/www.instagram.com\/closeairsupportsweden\/\">Instagram<\/a>!<\/em><\/strong><\/p>\n\n\n\n<p><\/p>\n<\/div>\n\n\n\n<figure class=\"wp-block-image size-large\"><img loading=\"lazy\" decoding=\"async\" width=\"1024\" height=\"768\" src=\"https:\/\/www.nonkonform.nu\/wp-content\/uploads\/2025\/01\/LavettCAS22-1024x768.jpg\" alt=\"\" class=\"wp-image-223\" srcset=\"https:\/\/www.nonkonform.nu\/wp-content\/uploads\/2025\/01\/LavettCAS22-1024x768.jpg 1024w, https:\/\/www.nonkonform.nu\/wp-content\/uploads\/2025\/01\/LavettCAS22-300x225.jpg 300w, https:\/\/www.nonkonform.nu\/wp-content\/uploads\/2025\/01\/LavettCAS22-768x576.jpg 768w, https:\/\/www.nonkonform.nu\/wp-content\/uploads\/2025\/01\/LavettCAS22-1536x1152.jpg 1536w, https:\/\/www.nonkonform.nu\/wp-content\/uploads\/2025\/01\/LavettCAS22.jpg 1890w\" sizes=\"auto, (max-width: 1024px) 100vw, 1024px\" \/><\/figure>\n<\/div>\n","protected":false},"excerpt":{"rendered":"<p>Nonkonform Media m\u00f6ter skivaktuella CLOSE AIR SUPPORT &#8221;Ett band av den gamla skolan&#8221; B\u00f6rja lite med att ber\u00e4tta vad ni \u00e4r f\u00f6r sorts band &#8211; n\u00e4r b\u00f6rjade ni lira, och har ni lirat i n\u00e5gra band innan? Close Air Support f\u00f6ddes 2015 ur en \u00e5terf\u00f6rening av Kd-Skins som spelade p\u00e5 tidigt 80-tal, men nu med [&hellip;]<\/p>\n","protected":false},"author":1,"featured_media":0,"parent":0,"menu_order":0,"comment_status":"closed","ping_status":"closed","template":"","meta":{"footnotes":""},"class_list":["post-239","page","type-page","status-publish","hentry"],"jetpack_sharing_enabled":true,"_links":{"self":[{"href":"https:\/\/www.nonkonform.nu\/index.php?rest_route=\/wp\/v2\/pages\/239","targetHints":{"allow":["GET"]}}],"collection":[{"href":"https:\/\/www.nonkonform.nu\/index.php?rest_route=\/wp\/v2\/pages"}],"about":[{"href":"https:\/\/www.nonkonform.nu\/index.php?rest_route=\/wp\/v2\/types\/page"}],"author":[{"embeddable":true,"href":"https:\/\/www.nonkonform.nu\/index.php?rest_route=\/wp\/v2\/users\/1"}],"replies":[{"embeddable":true,"href":"https:\/\/www.nonkonform.nu\/index.php?rest_route=%2Fwp%2Fv2%2Fcomments&post=239"}],"version-history":[{"count":5,"href":"https:\/\/www.nonkonform.nu\/index.php?rest_route=\/wp\/v2\/pages\/239\/revisions"}],"predecessor-version":[{"id":281,"href":"https:\/\/www.nonkonform.nu\/index.php?rest_route=\/wp\/v2\/pages\/239\/revisions\/281"}],"wp:attachment":[{"href":"https:\/\/www.nonkonform.nu\/index.php?rest_route=%2Fwp%2Fv2%2Fmedia&parent=239"}],"curies":[{"name":"wp","href":"https:\/\/api.w.org\/{rel}","templated":true}]}}