{"id":25,"date":"2024-09-20T13:28:26","date_gmt":"2024-09-20T13:28:26","guid":{"rendered":"https:\/\/www.nonkonform.nu\/?page_id=25"},"modified":"2025-10-14T09:20:32","modified_gmt":"2025-10-14T09:20:32","slug":"25-2","status":"publish","type":"page","link":"https:\/\/www.nonkonform.nu\/?page_id=25","title":{"rendered":"om oss"},"content":{"rendered":"\n<div class=\"wp-block-group alignwide has-global-padding is-content-justification-center is-layout-constrained wp-container-core-group-is-layout-df757ecc wp-block-group-is-layout-constrained\" style=\"margin-top:0;margin-bottom:0;padding-top:calc( 0.5 * var(--wp--style--root--padding-right, var(--wp--custom--gap--horizontal)));padding-right:var(--wp--style--root--padding-right, var(--wp--custom--gap--horizontal));padding-bottom:calc( 0.5 * var(--wp--style--root--padding-right, var(--wp--custom--gap--horizontal)));padding-left:var(--wp--style--root--padding-left, var(--wp--custom--gap--horizontal))\">\n<div style=\"height:var(--wp--preset--spacing--20)\" aria-hidden=\"true\" class=\"wp-block-spacer\"><\/div>\n\n\n\n<h2 class=\"wp-block-heading alignwide has-text-align-center has-x-large-font-size\">&#8221;H\u00e5rda tider har alltid varit en bra grogrund f\u00f6r medryckande musik och <mark style=\"background-color:rgba(0, 0, 0, 0)\" class=\"has-inline-color has-accent-3-color\">samh\u00e4llsomst\u00f6rtande<\/mark> motkultur.&#8221;<\/h2>\n\n\n\n<div style=\"height:var(--wp--preset--spacing--20)\" aria-hidden=\"true\" class=\"wp-block-spacer\"><\/div>\n<\/div>\n\n\n\n<div class=\"wp-block-group alignfull has-global-padding is-layout-constrained wp-container-core-group-is-layout-e220c6fd wp-block-group-is-layout-constrained\" style=\"margin-top:0;margin-bottom:0;padding-top:calc( 0.5 * var(--wp--style--root--padding-right, var(--wp--custom--gap--horizontal)));padding-right:var(--wp--style--root--padding-right, var(--wp--custom--gap--horizontal));padding-bottom:calc( 0.5 * var(--wp--style--root--padding-right, var(--wp--custom--gap--horizontal)));padding-left:var(--wp--style--root--padding-left, var(--wp--custom--gap--horizontal))\">\n<div style=\"height:1rem;width:0px\" aria-hidden=\"true\" class=\"wp-block-spacer\"><\/div>\n\n\n\n<div class=\"wp-block-columns alignwide is-layout-flex wp-container-core-columns-is-layout-d0846407 wp-block-columns-is-layout-flex\">\n<div class=\"wp-block-column is-layout-flow wp-block-column-is-layout-flow\">\n<h3 class=\"wp-block-heading has-medium-font-size\"><strong>Musiken<\/strong><\/h3>\n\n\n\n<div class=\"wp-block-columns is-layout-flex wp-container-core-columns-is-layout-28f84493 wp-block-columns-is-layout-flex\">\n<div class=\"wp-block-column is-layout-flow wp-block-column-is-layout-flow\" style=\"flex-basis:100%\">\n<div class=\"wp-block-columns is-layout-flex wp-container-core-columns-is-layout-28f84493 wp-block-columns-is-layout-flex\">\n<div class=\"wp-block-column is-layout-flow wp-block-column-is-layout-flow\" style=\"flex-basis:100%\">\n<div class=\"wp-block-group is-nowrap is-layout-flex wp-container-core-group-is-layout-6c531013 wp-block-group-is-layout-flex\">\n<div class=\"wp-block-columns is-layout-flex wp-container-core-columns-is-layout-28f84493 wp-block-columns-is-layout-flex\">\n<div class=\"wp-block-column is-layout-flow wp-block-column-is-layout-flow\" style=\"flex-basis:100%\">\n<div class=\"wp-block-group has-global-padding is-layout-constrained wp-block-group-is-layout-constrained\" style=\"padding-bottom:4px\">\n<div class=\"wp-block-columns is-layout-flex wp-container-core-columns-is-layout-28f84493 wp-block-columns-is-layout-flex\">\n<div class=\"wp-block-column is-layout-flow wp-block-column-is-layout-flow\" style=\"flex-basis:100%\">\n<figure class=\"wp-block-gallery alignfull has-nested-images columns-default is-cropped wp-block-gallery-1 is-layout-flex wp-block-gallery-is-layout-flex\">\n<figure class=\"wp-block-image size-large is-style-default wp-duotone-duotone-3\"><img loading=\"lazy\" decoding=\"async\" width=\"1024\" height=\"683\" data-id=\"197\" src=\"https:\/\/www.nonkonform.nu\/wp-content\/uploads\/2025\/01\/pexels-antonh-145707-1024x683.jpg\" alt=\"\" class=\"wp-image-197\" srcset=\"https:\/\/www.nonkonform.nu\/wp-content\/uploads\/2025\/01\/pexels-antonh-145707-1024x683.jpg 1024w, https:\/\/www.nonkonform.nu\/wp-content\/uploads\/2025\/01\/pexels-antonh-145707-300x200.jpg 300w, https:\/\/www.nonkonform.nu\/wp-content\/uploads\/2025\/01\/pexels-antonh-145707-768x512.jpg 768w, https:\/\/www.nonkonform.nu\/wp-content\/uploads\/2025\/01\/pexels-antonh-145707-1536x1024.jpg 1536w, https:\/\/www.nonkonform.nu\/wp-content\/uploads\/2025\/01\/pexels-antonh-145707-2048x1365.jpg 2048w\" sizes=\"auto, (max-width: 1024px) 100vw, 1024px\" \/><\/figure>\n<\/figure>\n<\/div>\n<\/div>\n<\/div>\n<\/div>\n<\/div>\n<\/div>\n<\/div>\n<\/div>\n<\/div>\n<\/div>\n\n\n\n<p class=\"has-medium-font-size\"><strong>Nonkonform Media sl\u00e4pper den musik vi sj\u00e4lva uppskattar och har v\u00e4xt upp med. I en tid n\u00e4r internet och \u201dsociala\u201d medier effektivt tagit k\u00e5l p\u00e5 musikbaserade subkulturer i takt med att gatan, fritidsg\u00e5rden eller f\u00f6r den delen skolan f\u00f6rlorat sin roll som prim\u00e4r social arena och den psykiska oh\u00e4lsan och det allm\u00e4nna d\u00e5liga m\u00e5endet hos ungdomen \u00f6kar, har vi den d\u00e5liga smaken att ana ett samband.<\/strong><\/p>\n\n\n\n<p class=\"has-medium-font-size\">N\u00e4r vi var yngre kunde vi som upplevde att vi f\u00f6tts eller existerade i motvind hitta ett sammanhang, en identitet och ett kamratskap i n\u00e5gon av de m\u00e5nga tribala sammanhang som fortfarande fanns kvar. Musiken var ofta det som tonsatte det hela \u2013 genom den fick vi id\u00e9er, intryck, f\u00f6rstr\u00f6else, styrka, motivation, n\u00e5got att g\u00f6ra och n\u00e5got som band oss samman. Det just vi hittade och som i olika skepnader f\u00f6ljt oss genom livet var punken; ett spretigt paraply som inrymmer en m\u00e5ngfald av id\u00e9er, men vars b\u00e4rande budskap kanske kan sammanfattas anti-etablissemang, anti-auktoritet och DIY-attityd.<\/p>\n\n\n\n<p class=\"has-medium-font-size\">Det \u00e4r s\u00e5ledes i f\u00f6rsta hand punkrelaterad musik vi sl\u00e4pper. I synnerhet s\u00e5dan som fortfarande har n\u00e5got litet rebelliskt \u00f6ver sig. Vi tror fortfarande att uppk\u00e4ftig punkmusik kan fylla en funktion f\u00f6r arg ungdom, \u00e4ven om dess existensber\u00e4ttigande redan s\u00e4krats av \u00e5ldrande nostalgiker.<\/p>\n\n\n\n<p><\/p>\n<\/div>\n\n\n\n<div class=\"wp-block-column is-layout-flow wp-block-column-is-layout-flow\">\n<h3 class=\"wp-block-heading has-medium-font-size\"><strong>Kulturen<\/strong><\/h3>\n\n\n\n<div class=\"wp-block-group has-global-padding is-layout-constrained wp-block-group-is-layout-constrained\" style=\"padding-bottom:4px\">\n<div class=\"wp-block-columns is-layout-flex wp-container-core-columns-is-layout-28f84493 wp-block-columns-is-layout-flex\">\n<div class=\"wp-block-column is-layout-flow wp-block-column-is-layout-flow\" style=\"flex-basis:100%\">\n<figure class=\"wp-block-image alignfull size-full wp-duotone-duotone-2\"><img loading=\"lazy\" decoding=\"async\" width=\"786\" height=\"525\" src=\"https:\/\/www.nonkonform.nu\/wp-content\/uploads\/2025\/01\/Namnlost-4.jpg\" alt=\"\" class=\"wp-image-198\" srcset=\"https:\/\/www.nonkonform.nu\/wp-content\/uploads\/2025\/01\/Namnlost-4.jpg 786w, https:\/\/www.nonkonform.nu\/wp-content\/uploads\/2025\/01\/Namnlost-4-300x200.jpg 300w, https:\/\/www.nonkonform.nu\/wp-content\/uploads\/2025\/01\/Namnlost-4-768x513.jpg 768w\" sizes=\"auto, (max-width: 786px) 100vw, 786px\" \/><\/figure>\n<\/div>\n<\/div>\n<\/div>\n\n\n\n<p class=\"has-medium-font-size\"><strong>Musiken \u00e4r v\u00e5ra subkulturers sammanfogande kitt, p\u00e5 vilket vi h\u00e4nger upp dess andra best\u00e5ndsdelar, attityder och attribut. Subkulturer som uppst\u00e5r till tonerna av punkmusik har genom \u00e5ren chockat generationer av Siewert \u00d6holm-figurer och stundom skakat samh\u00e4llets fundament i sina grundvalar.<\/strong><\/p>\n\n\n\n<p class=\"has-medium-font-size\">Punkens dampiga lillebror (i svensk kontext) skinheadkulturen gav under sin storhetstid upphov till diverse braskande rubriker, och under sent 80-tal samt tidigt 90-tal var den en veritabel nagel i \u00f6gat p\u00e5 s\u00e5v\u00e4l det politiska som det mediala etablissemangen. En kulturell, kreativ och delvis h\u00e5rt politiserad r\u00f6relse som trots sin vitala potential skr\u00e4mde, f\u00f6rl\u00f6jligades och f\u00f6rd\u00f6mdes. Vi betraktar denna fortfarande h\u00e5rt stigmatiserade era som kulturellt viktig. Under en tid d\u00e5 Sverige genomgick stora f\u00f6r\u00e4ndringar st\u00e4mplades barn och ungdomar som v\u00e5gade yttra ett ord om saken som den ultimata ondskans hantlangare och behandlades i b\u00e4sta fall styvmoderligt \u2013 i v\u00e4rsta fall bem\u00f6ttes de med h\u00e5rd statlig repression. \u00c4n idag anv\u00e4nds den h\u00e4r kulturella eran som ett slagtr\u00e4 i den allm\u00e4nna samh\u00e4lleliga debatten, och trots att skinheads numera \u00e4r en kuriositet i gatubilden refererar man upphetsat till dem s\u00e5 fort man vill besl\u00e5 sina politiska motst\u00e5ndare med associationsskuld. S\u00e4ga vad man vill, men avtryck i historien gjorde de.<\/p>\n\n\n\n<p class=\"has-medium-font-size\">Vi ser det som v\u00e5r uppgift att lyfta fram och belysa alla aspekter av punk-och skinheadkulturen, b\u00e5de den historiska och den idag levande. Inte bara genom att producera nya grejer, utan \u00e4ven genom att dokumentera, f\u00f6rvalta och presentera s\u00e5v\u00e4l en rik, subkulturell historia som f\u00e4rskt material.<\/p>\n\n\n\n<p><\/p>\n<\/div>\n\n\n\n<div class=\"wp-block-column is-layout-flow wp-block-column-is-layout-flow\">\n<h3 class=\"wp-block-heading has-medium-font-size\"><strong>Scenen<\/strong><\/h3>\n\n\n\n<div class=\"wp-block-group has-global-padding is-layout-constrained wp-block-group-is-layout-constrained\" style=\"padding-bottom:4px\">\n<div class=\"wp-block-columns is-layout-flex wp-container-core-columns-is-layout-28f84493 wp-block-columns-is-layout-flex\">\n<div class=\"wp-block-column is-layout-flow wp-block-column-is-layout-flow\" style=\"flex-basis:100%\">\n<div class=\"wp-block-group alignwide has-global-padding is-content-justification-center is-layout-constrained wp-block-group-is-layout-constrained\">\n<div class=\"wp-block-columns is-layout-flex wp-container-core-columns-is-layout-28f84493 wp-block-columns-is-layout-flex\">\n<div class=\"wp-block-column is-layout-flow wp-block-column-is-layout-flow\" style=\"flex-basis:100%\">\n<div class=\"wp-block-columns is-layout-flex wp-container-core-columns-is-layout-28f84493 wp-block-columns-is-layout-flex\">\n<div class=\"wp-block-column is-layout-flow wp-block-column-is-layout-flow\" style=\"flex-basis:100%\">\n<div class=\"wp-block-cover alignfull wp-duotone-duotone-4\" style=\"min-height:267px;aspect-ratio:unset;\"><span aria-hidden=\"true\" class=\"wp-block-cover__background has-background-dim\"><\/span><img loading=\"lazy\" decoding=\"async\" width=\"795\" height=\"1024\" class=\"wp-block-cover__image-background wp-image-199\" alt=\"\" src=\"https:\/\/www.nonkonform.nu\/wp-content\/uploads\/2025\/01\/punk-795x1024.jpg\" data-object-fit=\"cover\" srcset=\"https:\/\/www.nonkonform.nu\/wp-content\/uploads\/2025\/01\/punk-795x1024.jpg 795w, https:\/\/www.nonkonform.nu\/wp-content\/uploads\/2025\/01\/punk-233x300.jpg 233w, https:\/\/www.nonkonform.nu\/wp-content\/uploads\/2025\/01\/punk-768x989.jpg 768w, https:\/\/www.nonkonform.nu\/wp-content\/uploads\/2025\/01\/punk.jpg 828w\" sizes=\"auto, (max-width: 795px) 100vw, 795px\" \/><div class=\"wp-block-cover__inner-container is-layout-flow wp-block-cover-is-layout-flow\">\n<p class=\"has-text-align-center has-large-font-size\"><\/p>\n<\/div><\/div>\n<\/div>\n<\/div>\n<\/div>\n<\/div>\n<\/div>\n<\/div>\n<\/div>\n<\/div>\n\n\n\n<p class=\"has-medium-font-size\"><strong>Med &#8221;scenen&#8221; menar man ofta ett l\u00f6st sammansatt fenomen d\u00e4r b\u00e5de aktiva och passiva akt\u00f6rer inom en subkultur \u00e4r deltagare. De svenska punk- och skinheadscenerna har b\u00e5da genomg\u00e5tt stora f\u00f6r\u00e4ndringar sedan slutet av 70- och b\u00f6rjan av 80-talet, men har p\u00e5 n\u00e5got vis alltid \u00f6verlevt. Ibland f\u00f6r att vindarna bl\u00e5st \u00e5t r\u00e4tt h\u00e5ll och det varit \u201dp\u00e5 modet\u201d med k\u00e4ngor, h\u00e4ngslen, nitar och l\u00e4der, och ibland tack vare ett f\u00e5tal eldsj\u00e4lar och entusiaster som h\u00e5llit gl\u00f6den vid liv.<\/strong><\/p>\n\n\n\n<p class=\"has-medium-font-size\">Subkulturerna existerar inte f\u00f6r sig sj\u00e4lva utan b\u00f6ljar p\u00e5 m\u00e5nga satt i takt och otakt med samh\u00e4llsklimat och den allm\u00e4nna diskursen, vilket skapar schismer och slitningar som sedan l\u00e4ker ihop till n\u00e5got annat, eller resulterar i nya subkulturella kroppar som samexisterar med de redan befintliga. Scenen \u00e4r s\u00e5ledes under st\u00e4ndig f\u00f6r\u00e4ndring.<\/p>\n\n\n\n<p class=\"has-medium-font-size\">S\u00e5 vad kan d\u00e5 vi bidraga med? F\u00f6rutom produktion av kultur (till exempel text och musik) \u00e4r v\u00e5r ambition att i n\u00e5gon omfattning kunna arrangera spelningar eller andra sammankomster f\u00f6r likasinnade och andra som intresserar sig f\u00f6r punk- och skinheadkultur.<\/p>\n\n\n\n<p><\/p>\n<\/div>\n<\/div>\n\n\n\n<div style=\"height:1rem;width:0px\" aria-hidden=\"true\" class=\"wp-block-spacer\"><\/div>\n<\/div>\n\n\n\n<div class=\"wp-block-group alignfull has-global-padding is-content-justification-center is-layout-constrained wp-container-core-group-is-layout-df757ecc wp-block-group-is-layout-constrained\" style=\"margin-top:0;margin-bottom:0;padding-top:calc( 0.5 * var(--wp--style--root--padding-right, var(--wp--custom--gap--horizontal)));padding-right:var(--wp--style--root--padding-right, var(--wp--custom--gap--horizontal));padding-bottom:calc( 0.5 * var(--wp--style--root--padding-right, var(--wp--custom--gap--horizontal)));padding-left:var(--wp--style--root--padding-left, var(--wp--custom--gap--horizontal))\">\n<div style=\"height:var(--wp--preset--spacing--20)\" aria-hidden=\"true\" class=\"wp-block-spacer\"><\/div>\n\n\n\n<h2 class=\"wp-block-heading has-text-align-center has-x-large-font-size\">&#8221;Ni hatar oss, <mark style=\"background-color:rgba(0, 0, 0, 0)\" class=\"has-inline-color has-accent-3-color\">vi hatar er<\/mark>, vi har v\u00e5r egen scen&#8221;<\/h2>\n\n\n\n<div class=\"wp-block-buttons is-content-justification-center is-layout-flex wp-container-core-buttons-is-layout-a89b3969 wp-block-buttons-is-layout-flex\">\n<div class=\"wp-block-button\"><a class=\"wp-block-button__link wp-element-button\" href=\"mailto:nonkonform.media@gmail.com\">Kontakta oss<\/a><\/div>\n<\/div>\n\n\n\n<div style=\"height:var(--wp--preset--spacing--20)\" aria-hidden=\"true\" class=\"wp-block-spacer\"><\/div>\n<\/div>\n","protected":false},"excerpt":{"rendered":"<p>&#8221;H\u00e5rda tider har alltid varit en bra grogrund f\u00f6r medryckande musik och samh\u00e4llsomst\u00f6rtande motkultur.&#8221; Musiken Nonkonform Media sl\u00e4pper den musik vi sj\u00e4lva uppskattar och har v\u00e4xt upp med. I en tid n\u00e4r internet och \u201dsociala\u201d medier effektivt tagit k\u00e5l p\u00e5 musikbaserade subkulturer i takt med att gatan, fritidsg\u00e5rden eller f\u00f6r den delen skolan f\u00f6rlorat sin [&hellip;]<\/p>\n","protected":false},"author":1,"featured_media":0,"parent":0,"menu_order":0,"comment_status":"closed","ping_status":"closed","template":"","meta":{"footnotes":""},"class_list":["post-25","page","type-page","status-publish","hentry"],"jetpack_sharing_enabled":true,"_links":{"self":[{"href":"https:\/\/www.nonkonform.nu\/index.php?rest_route=\/wp\/v2\/pages\/25","targetHints":{"allow":["GET"]}}],"collection":[{"href":"https:\/\/www.nonkonform.nu\/index.php?rest_route=\/wp\/v2\/pages"}],"about":[{"href":"https:\/\/www.nonkonform.nu\/index.php?rest_route=\/wp\/v2\/types\/page"}],"author":[{"embeddable":true,"href":"https:\/\/www.nonkonform.nu\/index.php?rest_route=\/wp\/v2\/users\/1"}],"replies":[{"embeddable":true,"href":"https:\/\/www.nonkonform.nu\/index.php?rest_route=%2Fwp%2Fv2%2Fcomments&post=25"}],"version-history":[{"count":15,"href":"https:\/\/www.nonkonform.nu\/index.php?rest_route=\/wp\/v2\/pages\/25\/revisions"}],"predecessor-version":[{"id":277,"href":"https:\/\/www.nonkonform.nu\/index.php?rest_route=\/wp\/v2\/pages\/25\/revisions\/277"}],"wp:attachment":[{"href":"https:\/\/www.nonkonform.nu\/index.php?rest_route=%2Fwp%2Fv2%2Fmedia&parent=25"}],"curies":[{"name":"wp","href":"https:\/\/api.w.org\/{rel}","templated":true}]}}