{"id":9,"date":"2024-09-20T13:12:40","date_gmt":"2024-09-20T13:12:40","guid":{"rendered":"https:\/\/www.nonkonform.nu\/?page_id=9"},"modified":"2026-04-01T17:55:50","modified_gmt":"2026-04-01T17:55:50","slug":"vara-slapp","status":"publish","type":"page","link":"https:\/\/www.nonkonform.nu\/?page_id=9","title":{"rendered":"v\u00e5ra sl\u00e4pp"},"content":{"rendered":"\n<div class=\"wp-block-media-text alignwide is-stacked-on-mobile is-vertically-aligned-top\" style=\"grid-template-columns:67% auto\"><figure class=\"wp-block-media-text__media\"><a href=\"https:\/\/musikensomvapen.substack.com\/\"><img loading=\"lazy\" decoding=\"async\" width=\"1024\" height=\"1024\" src=\"https:\/\/www.nonkonform.nu\/wp-content\/uploads\/2024\/09\/SubstackNY-1024x1024.jpeg\" alt=\"\" class=\"wp-image-181 size-full\" srcset=\"https:\/\/www.nonkonform.nu\/wp-content\/uploads\/2024\/09\/SubstackNY-1024x1024.jpeg 1024w, https:\/\/www.nonkonform.nu\/wp-content\/uploads\/2024\/09\/SubstackNY-300x300.jpeg 300w, https:\/\/www.nonkonform.nu\/wp-content\/uploads\/2024\/09\/SubstackNY-150x150.jpeg 150w, https:\/\/www.nonkonform.nu\/wp-content\/uploads\/2024\/09\/SubstackNY-768x768.jpeg 768w, https:\/\/www.nonkonform.nu\/wp-content\/uploads\/2024\/09\/SubstackNY-1536x1536.jpeg 1536w, https:\/\/www.nonkonform.nu\/wp-content\/uploads\/2024\/09\/SubstackNY.jpeg 2048w\" sizes=\"auto, (max-width: 1024px) 100vw, 1024px\" \/><\/a><\/figure><div class=\"wp-block-media-text__content\">\n<h2 class=\"wp-block-heading has-large-font-size\">Svensk Skinheadrock 1980-1999 &#8211; Musiken Som Vapen (Bok, Hardcover\/e-Bok)<\/h2>\n\n\n\n<p class=\"has-medium-font-size\">V\u00e5r tanke var en bok som ska ber\u00e4tta historien om v\u00e5r tids motkultur \u2013 skinheadkulturens f\u00f6rsta nedslag i 80-talets Sverige och sen f\u00f6lja den r\u00f6da tr\u00e5den med musiken och subkulturen fram till millenieskiftet<\/p>\n\n\n\n<p class=\"has-medium-font-size\">Vi vill intervjua banden, bolagen, profilerna och personerna i, runt och bakom scenen. V\u00e5r m\u00e5ls\u00e4ttning \u00e4r att f\u00e5 med alla som har gjort ett avtryck p\u00e5 kulturen och scenen mellan 1980 fram till 1999.<\/p>\n\n\n\n<h2 class=\"wp-block-heading has-text-color has-link-color has-medium-font-size wp-elements-e948ff6ab8587f9b332dae12c9a6d5fa\" style=\"color:#812525\"><a href=\"https:\/\/musikensomvapen.substack.com\/?utm_source=global-search\"><strong>Substack: Musiken Som Vapen<\/strong><\/a><\/h2>\n\n\n\n<p class=\"has-medium-font-size\">Signa upp dig som prenumerant p\u00e5 v\u00e5r Substack redan idag och f\u00e5 varje nytt kapitel direkt i din inkorg. <\/p>\n\n\n\n<p class=\"has-medium-font-size\">Som gratisprenumerant f\u00e5r du begr\u00e4nsad tillg\u00e5ng &#8211; men f\u00f6r full tillg\u00e5ng till allt material betalar du 70kr\/m\u00e5naden eller 500kr f\u00f6r ett helt \u00e5r.<\/p>\n\n\n\n<p class=\"has-text-color has-link-color has-medium-font-size wp-elements-023890ae267ee218a6ea63767d8d063a\" style=\"color:#812525\"><em><strong><a href=\"https:\/\/www.nonkonform.nu\/?page_id=149\">Varf\u00f6r sl\u00e4pper vi en digital bok?<\/a><\/strong><\/em><\/p>\n\n\n\n<p class=\"has-contrast-color has-text-color has-link-color has-medium-font-size wp-elements-8512731dc5eea80869b53c751cf33c17\"><em>Har du fr\u00e5gor? Vill du medverka eller bidra till Musiken Som Vapen? <a href=\"mailto:nonkonform.media@gmail.com\"><strong>H\u00f6r av dig till oss!<\/strong><\/a><\/em><\/p>\n\n\n\n<p><\/p>\n\n\n\n<p><\/p>\n<\/div><\/div>\n\n\n\n<div class=\"wp-block-media-text alignwide is-stacked-on-mobile is-vertically-aligned-top\" style=\"grid-template-columns:54% auto\"><figure class=\"wp-block-media-text__media\"><img loading=\"lazy\" decoding=\"async\" width=\"1024\" height=\"683\" src=\"https:\/\/www.nonkonform.nu\/wp-content\/uploads\/2025\/10\/Fighting-mad.jpg\" alt=\"\" class=\"wp-image-262 size-full\" srcset=\"https:\/\/www.nonkonform.nu\/wp-content\/uploads\/2025\/10\/Fighting-mad.jpg 1024w, https:\/\/www.nonkonform.nu\/wp-content\/uploads\/2025\/10\/Fighting-mad-300x200.jpg 300w, https:\/\/www.nonkonform.nu\/wp-content\/uploads\/2025\/10\/Fighting-mad-768x512.jpg 768w\" sizes=\"auto, (max-width: 1024px) 100vw, 1024px\" \/><\/figure><div class=\"wp-block-media-text__content\">\n<h2 class=\"wp-block-heading has-large-font-size\">Fighting Mad &#8211; Fighting Mad (mini-LP)<\/h2>\n\n\n\n<p class=\"has-medium-font-size\">Tomppa (Wrongdoers, King\u00b4s Cross) \u00e4r tillbaka med nytt material.  Sex l\u00e5tar p\u00e5 svart eller r\u00f6d vinyl. (NKF005)        <strong>149kr (exkl. frakt)<\/strong><\/p>\n\n\n\n<p class=\"has-text-color has-link-color has-small-font-size wp-elements-6421c373ec3ddcb952ef9e8275c3b63c\" style=\"color:#4e7777\"><\/p>\n\n\n\n<p class=\"has-medium-font-size\"><em><strong><a href=\"mailto:nonkonform.media@gmail.com\">Release 25 april &#8211; Klicka h\u00e4r f\u00f6r att best\u00e4lla!<\/a><\/strong><\/em><\/p>\n<\/div><\/div>\n\n\n\n<div class=\"wp-block-media-text alignwide has-media-on-the-right is-stacked-on-mobile is-vertically-aligned-top\" style=\"grid-template-columns:auto 57%\"><div class=\"wp-block-media-text__content\">\n<h2 class=\"wp-block-heading has-large-font-size\">Kombatants &#8211; Scarecrow (LP)<\/h2>\n\n\n\n<p class=\"has-medium-font-size\">Nonkonforms fj\u00e4rde sl\u00e4pp bjuder p\u00e5 sv\u00e4ngig rock\u00b4n\u00b4oi fr\u00e5n Bor\u00e5s med <strong>Kombatants<\/strong> andra full\u00e4ngdare. Femton d\u00e4ngor p\u00e5 orange vinyl! (NKF004)<\/p>\n\n\n\n<p class=\"has-text-color has-link-color has-small-font-size wp-elements-fcb4883a35a68701078b38eb402b0c13\" style=\"color:#4e7777\"><strong><a href=\"https:\/\/skinsstandingstrong.substack.com\/\">SSS m\u00f6ter &#8211; Kombatants<\/a><\/strong><\/p>\n\n\n\n<p class=\"has-medium-font-size\"><em><strong><a href=\"mailto:nonkonform.media@gmail.com\">Best\u00e4ll ditt ex idag &#8211; 229kr (exkl. frakt)<\/a><\/strong><\/em><\/p>\n<\/div><figure class=\"wp-block-media-text__media\"><img loading=\"lazy\" decoding=\"async\" width=\"1024\" height=\"683\" src=\"https:\/\/www.nonkonform.nu\/wp-content\/uploads\/2025\/10\/test2.jpg\" alt=\"\" class=\"wp-image-257 size-full\" srcset=\"https:\/\/www.nonkonform.nu\/wp-content\/uploads\/2025\/10\/test2.jpg 1024w, https:\/\/www.nonkonform.nu\/wp-content\/uploads\/2025\/10\/test2-300x200.jpg 300w, https:\/\/www.nonkonform.nu\/wp-content\/uploads\/2025\/10\/test2-768x512.jpg 768w\" sizes=\"auto, (max-width: 1024px) 100vw, 1024px\" \/><\/figure><\/div>\n\n\n\n<div class=\"wp-block-media-text alignwide is-stacked-on-mobile is-vertically-aligned-top\" style=\"grid-template-columns:56% auto\"><figure class=\"wp-block-media-text__media\"><img loading=\"lazy\" decoding=\"async\" width=\"1024\" height=\"683\" src=\"https:\/\/www.nonkonform.nu\/wp-content\/uploads\/2025\/10\/CAS.jpg\" alt=\"\" class=\"wp-image-258 size-full\" srcset=\"https:\/\/www.nonkonform.nu\/wp-content\/uploads\/2025\/10\/CAS.jpg 1024w, https:\/\/www.nonkonform.nu\/wp-content\/uploads\/2025\/10\/CAS-300x200.jpg 300w, https:\/\/www.nonkonform.nu\/wp-content\/uploads\/2025\/10\/CAS-768x512.jpg 768w\" sizes=\"auto, (max-width: 1024px) 100vw, 1024px\" \/><\/figure><div class=\"wp-block-media-text__content\">\n<h2 class=\"wp-block-heading has-large-font-size\">Lavett \/ Close Air Support (Split 10&#8243;, EP)<\/h2>\n\n\n\n<p class=\"has-medium-font-size\">Split-EP med Karlstads vassaste oi-band. (NKF003)<\/p>\n\n\n\n<p class=\"has-text-color has-link-color has-small-font-size wp-elements-9071c23d5be70062982d22132feb09b4\" style=\"color:#4e7777\"><strong><mark style=\"background-color:rgba(0, 0, 0, 0);color:#406f81\" class=\"has-inline-color\"><a href=\"https:\/\/www.nonkonform.nu\/?page_id=239\" target=\"_blank\" rel=\"noreferrer noopener\">Nonkonform Media m\u00f6ter &#8211; CLOSE AIR SUPPORT<\/a><\/mark><\/strong><\/p>\n\n\n\n<p class=\"has-text-color has-link-color has-small-font-size wp-elements-f727ce168af08250f933f32cee806686\" style=\"color:#4e7777\"><strong><mark style=\"background-color:rgba(0, 0, 0, 0);color:#406f81\" class=\"has-inline-color\"><a href=\"https:\/\/www.nonkonform.nu\/?page_id=221\" target=\"_blank\" rel=\"noreferrer noopener\">Nonkonform Media m\u00f6ter &#8211; LAVETT<\/a><\/mark><\/strong><\/p>\n\n\n\n<p class=\"has-medium-font-size\"><em><strong><a href=\"mailto:nonkonform.media@gmail.com\" data-type=\"mailto\" data-id=\"mailto:nonkonform.media@gmail.com\">Best\u00e4ll ditt ex idag &#8211; 169kr (ex. frakt)!<\/a><\/strong><\/em><\/p>\n\n\n\n<div style=\"height:100px\" aria-hidden=\"true\" class=\"wp-block-spacer\"><\/div>\n<\/div><\/div>\n\n\n\n<div style=\"height:100px\" aria-hidden=\"true\" class=\"wp-block-spacer\"><\/div>\n\n\n\n<div class=\"wp-block-group alignwide has-global-padding is-layout-constrained wp-block-group-is-layout-constrained\">\n<div class=\"wp-block-columns alignwide is-layout-flex wp-container-core-columns-is-layout-28f84493 wp-block-columns-is-layout-flex\">\n<div class=\"wp-block-column is-layout-flow wp-block-column-is-layout-flow\" style=\"flex-basis:100%\">\n<div class=\"wp-block-columns alignwide are-vertically-aligned-center is-layout-flex wp-container-core-columns-is-layout-28f84493 wp-block-columns-is-layout-flex\">\n<div class=\"wp-block-column is-layout-flow wp-block-column-is-layout-flow\" style=\"flex-basis:50%\">\n<h2 class=\"wp-block-heading has-large-font-size\">Sabotage &#8211; Urminnes H\u00e4vd (LP)<\/h2>\n\n\n\n<p class=\"has-medium-font-size\">Den efterl\u00e4ngtade full\u00e4ngdsdebuten f\u00f6r Sabotage levererar nio sp\u00e5r p\u00e5 180 gram l\u00e4cker vinyl. (NKF002)<\/p>\n\n\n\n<p class=\"has-small-font-size\"><strong><a href=\"https:\/\/www.nonkonform.nu\/?page_id=127\" target=\"_blank\" rel=\"noreferrer noopener\"><mark style=\"background-color:rgba(0, 0, 0, 0);color:#406f81\" class=\"has-inline-color\">Nonkonform Media m\u00f6ter &#8211; SABOTAGE<\/mark><\/a><\/strong><\/p>\n\n\n\n<p class=\"has-medium-font-size\"><strong><a href=\"mailto:nonkonform.media@gmail.com\" data-type=\"mailto\" data-id=\"mailto:nonkonform.media@gmail.com\">Best\u00e4ll ditt ex idag &#8211; 229kr (ex. frakt)!<\/a><\/strong><\/p>\n<\/div>\n\n\n\n<div class=\"wp-block-column is-layout-flow wp-block-column-is-layout-flow\" style=\"flex-basis:50%\">\n<figure class=\"wp-block-image size-full\"><img loading=\"lazy\" decoding=\"async\" width=\"1024\" height=\"683\" src=\"https:\/\/www.nonkonform.nu\/wp-content\/uploads\/2025\/10\/UH.jpg\" alt=\"\" class=\"wp-image-260\" srcset=\"https:\/\/www.nonkonform.nu\/wp-content\/uploads\/2025\/10\/UH.jpg 1024w, https:\/\/www.nonkonform.nu\/wp-content\/uploads\/2025\/10\/UH-300x200.jpg 300w, https:\/\/www.nonkonform.nu\/wp-content\/uploads\/2025\/10\/UH-768x512.jpg 768w\" sizes=\"auto, (max-width: 1024px) 100vw, 1024px\" \/><\/figure>\n<\/div>\n<\/div>\n<\/div>\n<\/div>\n\n\n\n<div style=\"height:100px\" aria-hidden=\"true\" class=\"wp-block-spacer\"><\/div>\n<\/div>\n\n\n\n<div class=\"wp-block-media-text alignwide is-stacked-on-mobile is-vertically-aligned-top\" style=\"grid-template-columns:68% auto\"><figure class=\"wp-block-media-text__media\"><img loading=\"lazy\" decoding=\"async\" width=\"1024\" height=\"683\" src=\"https:\/\/www.nonkonform.nu\/wp-content\/uploads\/2025\/10\/Vedergallning.jpg\" alt=\"\" class=\"wp-image-261 size-full\" srcset=\"https:\/\/www.nonkonform.nu\/wp-content\/uploads\/2025\/10\/Vedergallning.jpg 1024w, https:\/\/www.nonkonform.nu\/wp-content\/uploads\/2025\/10\/Vedergallning-300x200.jpg 300w, https:\/\/www.nonkonform.nu\/wp-content\/uploads\/2025\/10\/Vedergallning-768x512.jpg 768w\" sizes=\"auto, (max-width: 1024px) 100vw, 1024px\" \/><\/figure><div class=\"wp-block-media-text__content\">\n<h2 class=\"wp-block-heading has-large-font-size\">Sabotage &#8211; Vederg\u00e4llning        (Dubbel-CD)<\/h2>\n\n\n\n<p class=\"has-medium-font-size\">26 l\u00e5tar uppr\u00f6rd punkrock. Hela stockholmsbandets repertoar mellan 2014-2024 f\u00f6rdelat p\u00e5 tv\u00e5 skivor och 16-sidig booklet. (NKF001)<br><br><a href=\"mailto:nonkonform.media@gmail.com\" data-type=\"mailto\" data-id=\"mailto:nonkonform.media@gmail.com\"><strong>Best\u00e4ll ditt ex idag &#8211; 199kr (ex. frakt) <\/strong><\/a><\/p>\n<\/div><\/div>\n\n\n\n<div style=\"height:100px\" aria-hidden=\"true\" class=\"wp-block-spacer\"><\/div>\n\n\n\n<div class=\"wp-block-media-text alignwide has-media-on-the-right is-stacked-on-mobile is-vertically-aligned-top\" style=\"grid-template-columns:auto 56%\"><div class=\"wp-block-media-text__content\">\n<h2 class=\"wp-block-heading has-large-font-size\">Kommande sl\u00e4pp #NKF006<\/h2>\n\n\n\n<p class=\"has-medium-font-size\">Mer info kommer&#8230;<\/p>\n\n\n\n<p class=\"has-medium-font-size\"><em><strong><a href=\"mailto:nonkonform.media@gmail.com\" data-type=\"mailto\" data-id=\"mailto:nonkonform.media@gmail.com\">Release 2026<\/a><\/strong><\/em><\/p>\n\n\n\n<div style=\"height:100px\" aria-hidden=\"true\" class=\"wp-block-spacer\"><\/div>\n<\/div><figure class=\"wp-block-media-text__media\"><img loading=\"lazy\" decoding=\"async\" width=\"1024\" height=\"683\" src=\"https:\/\/www.nonkonform.nu\/wp-content\/uploads\/2025\/10\/Kommande.jpg\" alt=\"\" class=\"wp-image-300 size-full\" srcset=\"https:\/\/www.nonkonform.nu\/wp-content\/uploads\/2025\/10\/Kommande.jpg 1024w, https:\/\/www.nonkonform.nu\/wp-content\/uploads\/2025\/10\/Kommande-300x200.jpg 300w, https:\/\/www.nonkonform.nu\/wp-content\/uploads\/2025\/10\/Kommande-768x512.jpg 768w\" sizes=\"auto, (max-width: 1024px) 100vw, 1024px\" \/><\/figure><\/div>\n\n\n\n<div style=\"height:100px\" aria-hidden=\"true\" class=\"wp-block-spacer\"><\/div>\n\n\n\n<div class=\"wp-block-media-text alignwide is-stacked-on-mobile is-vertically-aligned-top\" style=\"grid-template-columns:56% auto\"><figure class=\"wp-block-media-text__media\"><img loading=\"lazy\" decoding=\"async\" width=\"1024\" height=\"683\" src=\"https:\/\/www.nonkonform.nu\/wp-content\/uploads\/2025\/10\/Kommande.jpg\" alt=\"\" class=\"wp-image-300 size-full\" srcset=\"https:\/\/www.nonkonform.nu\/wp-content\/uploads\/2025\/10\/Kommande.jpg 1024w, https:\/\/www.nonkonform.nu\/wp-content\/uploads\/2025\/10\/Kommande-300x200.jpg 300w, https:\/\/www.nonkonform.nu\/wp-content\/uploads\/2025\/10\/Kommande-768x512.jpg 768w\" sizes=\"auto, (max-width: 1024px) 100vw, 1024px\" \/><\/figure><div class=\"wp-block-media-text__content\">\n<h2 class=\"wp-block-heading has-large-font-size\">Kommande sl\u00e4pp #NKF007<\/h2>\n\n\n\n<p class=\"has-medium-font-size\">Mer info kommer&#8230;<\/p>\n\n\n\n<p class=\"has-medium-font-size\"><em><strong><a href=\"mailto:nonkonform.media@gmail.com\" data-type=\"mailto\" data-id=\"mailto:nonkonform.media@gmail.com\">Release 2026<\/a><\/strong><\/em><\/p>\n\n\n\n<div style=\"height:100px\" aria-hidden=\"true\" class=\"wp-block-spacer\"><\/div>\n<\/div><\/div>\n","protected":false},"excerpt":{"rendered":"<p>Svensk Skinheadrock 1980-1999 &#8211; Musiken Som Vapen (Bok, Hardcover\/e-Bok) V\u00e5r tanke var en bok som ska ber\u00e4tta historien om v\u00e5r tids motkultur \u2013 skinheadkulturens f\u00f6rsta nedslag i 80-talets Sverige och sen f\u00f6lja den r\u00f6da tr\u00e5den med musiken och subkulturen fram till millenieskiftet Vi vill intervjua banden, bolagen, profilerna och personerna i, runt och bakom scenen. [&hellip;]<\/p>\n","protected":false},"author":1,"featured_media":0,"parent":0,"menu_order":0,"comment_status":"closed","ping_status":"closed","template":"","meta":{"footnotes":""},"class_list":["post-9","page","type-page","status-publish","hentry"],"jetpack_sharing_enabled":true,"_links":{"self":[{"href":"https:\/\/www.nonkonform.nu\/index.php?rest_route=\/wp\/v2\/pages\/9","targetHints":{"allow":["GET"]}}],"collection":[{"href":"https:\/\/www.nonkonform.nu\/index.php?rest_route=\/wp\/v2\/pages"}],"about":[{"href":"https:\/\/www.nonkonform.nu\/index.php?rest_route=\/wp\/v2\/types\/page"}],"author":[{"embeddable":true,"href":"https:\/\/www.nonkonform.nu\/index.php?rest_route=\/wp\/v2\/users\/1"}],"replies":[{"embeddable":true,"href":"https:\/\/www.nonkonform.nu\/index.php?rest_route=%2Fwp%2Fv2%2Fcomments&post=9"}],"version-history":[{"count":62,"href":"https:\/\/www.nonkonform.nu\/index.php?rest_route=\/wp\/v2\/pages\/9\/revisions"}],"predecessor-version":[{"id":375,"href":"https:\/\/www.nonkonform.nu\/index.php?rest_route=\/wp\/v2\/pages\/9\/revisions\/375"}],"wp:attachment":[{"href":"https:\/\/www.nonkonform.nu\/index.php?rest_route=%2Fwp%2Fv2%2Fmedia&parent=9"}],"curies":[{"name":"wp","href":"https:\/\/api.w.org\/{rel}","templated":true}]}}